{"id":6204,"date":"2018-03-27T12:08:52","date_gmt":"2018-03-27T10:08:53","guid":{"rendered":"http:\/\/annabismedical.ch\/?post_type=product&#038;p=6204"},"modified":"2022-03-03T12:34:29","modified_gmt":"2022-03-03T11:34:29","slug":"annabis-activecann-gel-per-il-massaggio-1000-ml","status":"publish","type":"product","link":"https:\/\/www.annabishemp.ch\/it\/product\/annabis-activecann-gel-per-il-massaggio-1000-ml\/","title":{"rendered":"ANNABIS ACTIVECANN GEL PER IL MASSAGGIO 1000 ml."},"content":{"rendered":"<p>Gel Activecann con una combinazione funzionale di pi\u00f9 di 10 sostanze attive, ad esempio:<\/p>\n<ul>\n<li>Estratto di canapa e canapa di canapa<\/li>\n<li>Estratto di castagne di cavallo<\/li>\n<li>Comune estratto comune<\/li>\n<li>Estratto comune timo<\/li>\n<li>Argento Colloidico Olio di carta da pigiatura<\/li>\n<\/ul>\n","protected":false},"excerpt":{"rendered":"<p>Il prodotto \u00e8 destinato ad essere utilizzato negli adulti.Il gel Activecann con canapa e argento colloidale \u00e8 arricchito con acidi grassi omega 3-6 insaturi. La combinazione unica e funzionale di pi\u00f9 di 10 sostanze attive contribuisce alla rapida percezione del sollievo. Sostiene la rigenerazione, allevia l\u2019affaticamento muscolare dopo lo sport e lo sforzo fisico. Un massaggio leggero del sito interessato migliora l\u2019effetto della preparazione. Grazie alla sua consistenza, il gel \u00e8 facile da diffondere, non ingrassato e facilmente assorbibile.<\/p>\n<p><strong>Formato:<\/strong>\u00a01000ml.<\/p>\n","protected":false},"featured_media":9033,"comment_status":"closed","ping_status":"closed","template":"","meta":{"_acf_changed":false,"_et_pb_use_builder":"","_et_pb_old_content":"","_et_gb_content_width":""},"product_cat":[528,94,203],"product_tag":[152],"acf":[],"_links":{"self":[{"href":"https:\/\/www.annabishemp.ch\/it\/wp-json\/wp\/v2\/product\/6204"}],"collection":[{"href":"https:\/\/www.annabishemp.ch\/it\/wp-json\/wp\/v2\/product"}],"about":[{"href":"https:\/\/www.annabishemp.ch\/it\/wp-json\/wp\/v2\/types\/product"}],"replies":[{"embeddable":true,"href":"https:\/\/www.annabishemp.ch\/it\/wp-json\/wp\/v2\/comments?post=6204"}],"wp:featuredmedia":[{"embeddable":true,"href":"https:\/\/www.annabishemp.ch\/it\/wp-json\/wp\/v2\/media\/9033"}],"wp:attachment":[{"href":"https:\/\/www.annabishemp.ch\/it\/wp-json\/wp\/v2\/media?parent=6204"}],"wp:term":[{"taxonomy":"product_cat","embeddable":true,"href":"https:\/\/www.annabishemp.ch\/it\/wp-json\/wp\/v2\/product_cat?post=6204"},{"taxonomy":"product_tag","embeddable":true,"href":"https:\/\/www.annabishemp.ch\/it\/wp-json\/wp\/v2\/product_tag?post=6204"}],"curies":[{"name":"wp","href":"https:\/\/api.w.org\/{rel}","templated":true}]}}