{"id":5871,"date":"2016-12-19T13:03:19","date_gmt":"2016-12-19T03:03:19","guid":{"rendered":"http:\/\/annabiscosmetics.ch\/shop\/cookies-politik\/"},"modified":"2019-10-21T15:13:38","modified_gmt":"2019-10-21T13:13:38","slug":"politica-di-cookies","status":"publish","type":"page","link":"https:\/\/www.annabishemp.ch\/it\/politica-di-cookies\/","title":{"rendered":"Politica di Cookies"},"content":{"rendered":"<p>[et_pb_section bb_built=&#8221;1&#8243; admin_label=&#8221;section&#8221; fullwidth=&#8221;off&#8221; specialty=&#8221;off&#8221; background_color=&#8221;#8bb234&#8243; inner_shadow=&#8221;off&#8221; parallax=&#8221;off&#8221; parallax_method=&#8221;off&#8221; transparent_background=&#8221;off&#8221; allow_player_pause=&#8221;off&#8221; padding_mobile=&#8221;off&#8221; make_fullwidth=&#8221;off&#8221; use_custom_width=&#8221;off&#8221; width_unit=&#8221;on&#8221; make_equal=&#8221;off&#8221; use_custom_gutter=&#8221;off&#8221; custom_padding=&#8221;0px||0px|&#8221; custom_padding_tablet=&#8221;50px|0|50px|0&#8243; custom_padding_last_edited=&#8221;on|desktop&#8221; next_background_color=&#8221;#ffffff&#8221;][et_pb_row admin_label=&#8221;row&#8221; make_fullwidth=&#8221;off&#8221; use_custom_width=&#8221;off&#8221; width_unit=&#8221;on&#8221; use_custom_gutter=&#8221;on&#8221; gutter_width=&#8221;2&#8243; padding_mobile=&#8221;off&#8221; allow_player_pause=&#8221;off&#8221; parallax=&#8221;off&#8221; parallax_method=&#8221;off&#8221; make_equal=&#8221;off&#8221; parallax_1=&#8221;off&#8221; parallax_method_1=&#8221;off&#8221; parallax_2=&#8221;off&#8221; parallax_method_2=&#8221;off&#8221; column_padding_mobile=&#8221;on&#8221; background_position=&#8221;top_left&#8221; background_repeat=&#8221;repeat&#8221; background_size=&#8221;initial&#8221;][et_pb_column type=&#8221;4_4&#8243;][et_pb_text background_layout=&#8221;dark&#8221; text_orientation=&#8221;center&#8221; use_border_color=&#8221;off&#8221; border_color=&#8221;#ffffff&#8221; border_style=&#8221;solid&#8221; background_position=&#8221;top_left&#8221; background_repeat=&#8221;repeat&#8221; background_size=&#8221;initial&#8221; module_alignment=&#8221;center&#8221; _builder_version=&#8221;3.18.2&#8243;]<\/p>\n<h1>POLITICA DI BISCOTTE<\/h1>\n<p>[\/et_pb_text][\/et_pb_column][\/et_pb_row][\/et_pb_section][et_pb_section bb_built=&#8221;1&#8243; fullwidth=&#8221;off&#8221; specialty=&#8221;off&#8221; prev_background_color=&#8221;#8bb234&#8243;][et_pb_row background_position=&#8221;top_left&#8221; background_repeat=&#8221;repeat&#8221; background_size=&#8221;initial&#8221;][et_pb_column type=&#8221;4_4&#8243;][et_pb_text use_border_color=&#8221;off&#8221; background_position=&#8221;top_left&#8221; background_repeat=&#8221;repeat&#8221; background_size=&#8221;initial&#8221; _builder_version=&#8221;3.18.2&#8243;]<\/p>\n<p>Per rendere questo sito il lavoro correttamente, a volte ci poniamo piccoli file di dati chiamato cookie sul vostro dispositivo. La maggior parte dei grandi siti web fanno anche questo.<\/p>\n<h2>Cosa sono Cookies?<\/h2>\n<p>Un cookie \u00e8 un piccolo file di testo che un sito web salva sul computer o dispositivo mobile quando si visita il sito. Esso consente al sito di ricordare le vostre azioni e le preferenze (come login, la lingua, la dimensione del carattere e altre preferenze di visualizzazione) per un periodo di tempo, in modo da non avere per tenerli rientrando ogni volta che si torna al sito o navigare da una pagina all&#8217;altra.<\/p>\n<h2>Come usiamo cookies?<\/h2>\n<p>Un certo numero di nostre pagine utilizza i cookies per ricordare:<\/p>\n<ul>\n<li>le preferenze di visualizzazione, come ad esempio le impostazioni di colore di contrasto o la dimensione del carattere, se si hanno gi\u00e0 risposto a un sondaggio pop-up che<\/li>\n<li>si chiede se il contenuto \u00e8 stato utile o meno (in modo da non verr\u00e0 chiesto di nuovo)<\/li>\n<li>se si \u00e8 d&#8217;accordo (o non) al nostro utilizzo dei cookie su questo sito<\/li>\n<\/ul>\n<p>Inoltre, alcuni video incorporati nelle nostre pagine utilizzano un cookie per raccogliere in forma anonima statistiche su come ci sei arrivato e quali video hai visitato.<\/p>\n<p>I cookie vengono memorizzati anche da Europa Analytics, il servizio aziendale che misura l&#8217;efficacia e l&#8217;efficienza dei siti web della Commissione europea su EUROPA.<\/p>\n<p>L&#8217;attivazione di questi cookie non \u00e8 strettamente necessario per il sito web di lavorare, ma vi fornir\u00e0 una migliore esperienza di navigazione. \u00c8 possibile eliminare o bloccare questi cookie, ma se lo fai che alcune funzionalit\u00e0 di questo sito non pu\u00f2 funzionare come previsto.<\/p>\n<p>Le informazioni relative al cookie non viene utilizzato per identificare personalmente ei dati modello \u00e8 completamente sotto il nostro controllo. Questi cookies non vengono utilizzati per scopi diversi da quelli descritti qui.<\/p>\n<h2>Come controlliamo cookies?<\/h2>\n<p>\u00c8 possibile controllare e \/ o cancellare i cookie come si desidera &#8211; per maggiori dettagli, vedi aboutcookies.org. \u00c8 possibile eliminare tutti i cookie che sono gi\u00e0 presenti sul computer ed \u00e8 possibile impostare maggior parte dei browser per impedire loro di essere immessi. Se si esegue questa operazione, tuttavia, potrebbe essere necessario regolare manualmente alcune preferenze ogni volta che si visita un sito e di alcuni servizi e funzionalit\u00e0 potrebbero non funzionare.<\/p>\n<p>[\/et_pb_text][\/et_pb_column][\/et_pb_row][\/et_pb_section]<\/p>\n","protected":false},"excerpt":{"rendered":"<p>[et_pb_section bb_built=&#8221;1&#8243; admin_label=&#8221;section&#8221; fullwidth=&#8221;off&#8221; specialty=&#8221;off&#8221; background_color=&#8221;#8bb234&#8243; inner_shadow=&#8221;off&#8221; parallax=&#8221;off&#8221; parallax_method=&#8221;off&#8221; transparent_background=&#8221;off&#8221; allow_player_pause=&#8221;off&#8221; padding_mobile=&#8221;off&#8221; make_fullwidth=&#8221;off&#8221; use_custom_width=&#8221;off&#8221; width_unit=&#8221;on&#8221; make_equal=&#8221;off&#8221; use_custom_gutter=&#8221;off&#8221; custom_padding=&#8221;0px||0px|&#8221; custom_padding_tablet=&#8221;50px|0|50px|0&#8243; custom_padding_last_edited=&#8221;on|desktop&#8221; next_background_color=&#8221;#ffffff&#8221;][et_pb_row admin_label=&#8221;row&#8221; make_fullwidth=&#8221;off&#8221; use_custom_width=&#8221;off&#8221; width_unit=&#8221;on&#8221; use_custom_gutter=&#8221;on&#8221; gutter_width=&#8221;2&#8243; padding_mobile=&#8221;off&#8221; allow_player_pause=&#8221;off&#8221; parallax=&#8221;off&#8221; parallax_method=&#8221;off&#8221; make_equal=&#8221;off&#8221; parallax_1=&#8221;off&#8221; parallax_method_1=&#8221;off&#8221; parallax_2=&#8221;off&#8221; parallax_method_2=&#8221;off&#8221; column_padding_mobile=&#8221;on&#8221; background_position=&#8221;top_left&#8221; background_repeat=&#8221;repeat&#8221; background_size=&#8221;initial&#8221;][et_pb_column type=&#8221;4_4&#8243;][et_pb_text background_layout=&#8221;dark&#8221; text_orientation=&#8221;center&#8221; use_border_color=&#8221;off&#8221; border_color=&#8221;#ffffff&#8221; border_style=&#8221;solid&#8221; background_position=&#8221;top_left&#8221; background_repeat=&#8221;repeat&#8221; background_size=&#8221;initial&#8221; module_alignment=&#8221;center&#8221; _builder_version=&#8221;3.18.2&#8243;] POLITICA DI BISCOTTE [\/et_pb_text][\/et_pb_column][\/et_pb_row][\/et_pb_section][et_pb_section [&hellip;]<\/p>\n","protected":false},"author":8,"featured_media":0,"parent":0,"menu_order":0,"comment_status":"closed","ping_status":"closed","template":"","meta":{"_acf_changed":false,"_et_pb_use_builder":"on","_et_pb_old_content":"","_et_gb_content_width":"","footnotes":""},"acf":[],"_links":{"self":[{"href":"https:\/\/www.annabishemp.ch\/it\/wp-json\/wp\/v2\/pages\/5871"}],"collection":[{"href":"https:\/\/www.annabishemp.ch\/it\/wp-json\/wp\/v2\/pages"}],"about":[{"href":"https:\/\/www.annabishemp.ch\/it\/wp-json\/wp\/v2\/types\/page"}],"author":[{"embeddable":true,"href":"https:\/\/www.annabishemp.ch\/it\/wp-json\/wp\/v2\/users\/8"}],"replies":[{"embeddable":true,"href":"https:\/\/www.annabishemp.ch\/it\/wp-json\/wp\/v2\/comments?post=5871"}],"version-history":[{"count":4,"href":"https:\/\/www.annabishemp.ch\/it\/wp-json\/wp\/v2\/pages\/5871\/revisions"}],"predecessor-version":[{"id":7531,"href":"https:\/\/www.annabishemp.ch\/it\/wp-json\/wp\/v2\/pages\/5871\/revisions\/7531"}],"wp:attachment":[{"href":"https:\/\/www.annabishemp.ch\/it\/wp-json\/wp\/v2\/media?parent=5871"}],"curies":[{"name":"wp","href":"https:\/\/api.w.org\/{rel}","templated":true}]}}