{"id":5611,"date":"2017-06-14T16:19:57","date_gmt":"2017-06-14T14:19:57","guid":{"rendered":"http:\/\/annabiscosmetics.ch\/shop\/shop\/?page_id=5611\/"},"modified":"2020-03-04T10:57:20","modified_gmt":"2020-03-04T09:57:20","slug":"riguardo-a-noi","status":"publish","type":"page","link":"https:\/\/www.annabishemp.ch\/it\/riguardo-a-noi\/","title":{"rendered":"RIGUARDO A NOI"},"content":{"rendered":"<p>[et_pb_section bb_built=&#8221;1&#8243; admin_label=&#8221;section&#8221; fullwidth=&#8221;off&#8221; specialty=&#8221;off&#8221; background_color=&#8221;#8bb234&#8243; inner_shadow=&#8221;off&#8221; parallax=&#8221;off&#8221; parallax_method=&#8221;off&#8221; transparent_background=&#8221;off&#8221; allow_player_pause=&#8221;off&#8221; padding_mobile=&#8221;on&#8221; make_fullwidth=&#8221;off&#8221; use_custom_width=&#8221;off&#8221; width_unit=&#8221;on&#8221; make_equal=&#8221;off&#8221; use_custom_gutter=&#8221;off&#8221; custom_padding_last_edited=&#8221;on|desktop&#8221; custom_padding=&#8221;0px||0px|&#8221; custom_padding_tablet=&#8221;0px||0px|&#8221; next_background_color=&#8221;#ffffff&#8221;][et_pb_row admin_label=&#8221;row&#8221; make_fullwidth=&#8221;off&#8221; use_custom_width=&#8221;off&#8221; width_unit=&#8221;on&#8221; use_custom_gutter=&#8221;on&#8221; gutter_width=&#8221;2&#8243; padding_mobile=&#8221;off&#8221; allow_player_pause=&#8221;off&#8221; parallax=&#8221;off&#8221; parallax_method=&#8221;off&#8221; make_equal=&#8221;off&#8221; parallax_1=&#8221;off&#8221; parallax_method_1=&#8221;off&#8221; parallax_2=&#8221;off&#8221; parallax_method_2=&#8221;off&#8221; column_padding_mobile=&#8221;on&#8221; background_position=&#8221;top_left&#8221; background_repeat=&#8221;repeat&#8221; background_size=&#8221;initial&#8221;][et_pb_column type=&#8221;4_4&#8243;][et_pb_text background_layout=&#8221;dark&#8221; text_orientation=&#8221;center&#8221; use_border_color=&#8221;off&#8221; border_color=&#8221;#ffffff&#8221; border_style=&#8221;solid&#8221; background_position=&#8221;top_left&#8221; background_repeat=&#8221;repeat&#8221; background_size=&#8221;initial&#8221; module_alignment=&#8221;center&#8221;]<\/p>\n<h1>RIGUARDO A NOI<\/h1>\n<p>[\/et_pb_text][\/et_pb_column][\/et_pb_row][\/et_pb_section][et_pb_section bb_built=&#8221;1&#8243; fullwidth=&#8221;off&#8221; specialty=&#8221;off&#8221; transparent_background=&#8221;off&#8221; allow_player_pause=&#8221;off&#8221; inner_shadow=&#8221;off&#8221; parallax=&#8221;off&#8221; parallax_method=&#8221;off&#8221; custom_padding=&#8221;25px|||&#8221; padding_mobile=&#8221;on&#8221; make_fullwidth=&#8221;off&#8221; use_custom_width=&#8221;off&#8221; width_unit=&#8221;on&#8221; make_equal=&#8221;off&#8221; use_custom_gutter=&#8221;off&#8221; custom_padding_tablet=&#8221;0px|||&#8221; custom_padding_last_edited=&#8221;on|desktop&#8221; prev_background_color=&#8221;#8bb234&#8243; next_background_color=&#8221;#000000&#8243;][et_pb_row background_position=&#8221;top_left&#8221; background_repeat=&#8221;repeat&#8221; background_size=&#8221;initial&#8221;][et_pb_column type=&#8221;1_4&#8243;][et_pb_sidebar global_module=&#8221;4204&#8243; saved_tabs=&#8221;all&#8221; orientation=&#8221;left&#8221; area=&#8221;sidebar-1&#8243; background_layout=&#8221;light&#8221; disabled=&#8221;off&#8221; disabled_on=&#8221;on|on|&#8221; remove_border=&#8221;off&#8221; show_border=&#8221;on&#8221; \/][\/et_pb_column][et_pb_column type=&#8221;3_4&#8243;][et_pb_text admin_label=&#8221;Introduction&#8221; background_layout=&#8221;light&#8221; text_orientation=&#8221;left&#8221; use_border_color=&#8221;off&#8221; border_color=&#8221;#ffffff&#8221; border_style=&#8221;solid&#8221; background_position=&#8221;top_left&#8221; background_repeat=&#8221;repeat&#8221; background_size=&#8221;initial&#8221;]<\/p>\n<p>\nAnnabis \u00e8 una societ\u00e0 medica e cosmetici con sede nella Repubblica Ceca. L&#8217;azienda si occupa di ricerca, sviluppo, produzione e produzione di prodotti della canapa di alta qualit\u00e0 e integratori alimentari.<\/p>\n<p>I nostri prodotti si basano su molti anni di esperienza e rapporti duraturi con esperti medici e cosmetici ed i nostri clienti utilizzano prodotti di cannabis per una vasta gamma di esigenze con risultati eccezionali. alta specializzazione, professionalit\u00e0 ed orientamento intenso sui clienti hanno permesso uno sviluppo dinamico della societ\u00e0 e il suo posto tra i leader di mercato. Una parte integrante della nostra attivit\u00e0 \u00e8 l&#8217;impatto sulla minimizzazione environment. We fanno osservando regole che si occupano di tutela ambientale e l&#8217;attuazione di misure di consumo per ridurre al minimo l&#8217;uso di energia e materie prime, riducendo gli sprechi.<\/p>\n<p>[\/et_pb_text][et_pb_image src=&#8221;https:\/\/www.annabishemp.ch\/wp-content\/uploads\/2020\/03\/activecann-tuba-EXP_2020-scaled.jpg&#8221; use_border_color=&#8221;off&#8221; alt=&#8221;Arthrocann Annabis&#8221; disabled=&#8221;off&#8221; disabled_on=&#8221;on||&#8221; _builder_version=&#8221;3.18.2&#8243; \/][et_pb_image admin_label=&#8221;Image Mob&#8221; src=&#8221;http:\/\/annabiscosmetics.ch\/shop\/test\/wp-content\/uploads\/2016\/10\/foto-about-arthrocann-movil.jpg&#8221; show_in_lightbox=&#8221;off&#8221; url_new_window=&#8221;off&#8221; use_overlay=&#8221;off&#8221; animation=&#8221;off&#8221; sticky=&#8221;off&#8221; align=&#8221;left&#8221; force_fullwidth=&#8221;off&#8221; always_center_on_mobile=&#8221;on&#8221; use_border_color=&#8221;off&#8221; border_color=&#8221;#ffffff&#8221; border_style=&#8221;solid&#8221; alt=&#8221;Arthrocann Annabis&#8221; disabled=&#8221;off&#8221; disabled_on=&#8221;|on|on&#8221; animation_style=&#8221;none&#8221; animation_duration=&#8221;1000ms&#8221; animation_intensity_slide=&#8221;50%&#8221; show_bottom_space=&#8221;on&#8221; \/][et_pb_text admin_label=&#8221;Know-how&#8221; background_layout=&#8221;light&#8221; text_orientation=&#8221;left&#8221; use_border_color=&#8221;off&#8221; border_color=&#8221;#ffffff&#8221; border_style=&#8221;solid&#8221; disabled=&#8221;off&#8221; disabled_on=&#8221;off||&#8221; background_position=&#8221;top_left&#8221; background_repeat=&#8221;repeat&#8221; background_size=&#8221;initial&#8221;]<\/p>\n<h2>Know-how<\/h2>\n<p>Il nostro know-how si basa la valorizzazione delle caratteristiche medicinali di canapa e altri principi attivi naturali. La canapa \u00e8 noto per le sue propriet\u00e0 antinfiammatorie, cicatrizzanti, effetti antibatterici e antivirali. Aiuta anche nel trattare con numerose malattie e condizioni comuni, e di solito porta sollievo molto rapidamente quando applicato localmente sotto forma di tintura o unguento. Essa ha dimostrato di essere molto efficace nel trattamento di stile di vita e le condizioni legate all&#8217;et\u00e0 e malattie. a differenza di molti quelli classici, questa medicina naturale non ha alcun lato dannoso noto -Effetti.composti psicoattivi non sono presenti nelle variet\u00e0 di canapa tecnici certificati che usiamo per i cosmetici produzione. Le nostre preparazioni a base di queste variet\u00e0 di canapa sono del tutto sicuro e non c&#8217;\u00e8 motivo di avere paura di sostanze assuefazione e conseguenze per la salute &#8220;.<\/p>\n<p>[\/et_pb_text][et_pb_text admin_label=&#8221;Innovation and development process&#8221; background_layout=&#8221;light&#8221; text_orientation=&#8221;left&#8221; use_border_color=&#8221;off&#8221; border_color=&#8221;#ffffff&#8221; border_style=&#8221;solid&#8221; disabled=&#8221;off&#8221; disabled_on=&#8221;off||&#8221; background_position=&#8221;top_left&#8221; background_repeat=&#8221;repeat&#8221; background_size=&#8221;initial&#8221;]<\/p>\n<h2>Processo di innovazione e sviluppo<\/h2>\n<p>Grazie alla popolarit\u00e0 dei nostri prodotti nei mercati, che si estendono continuamente la nostra gamma di prodotti. La nostra attenzione \u00e8 quindi focalizzata sulla ricerca e lo sviluppo di nuovi prodotti. Le innovazioni sono il fattore chiave del nostro successo. Le attivit\u00e0 di ricerca sono garantiti da un team di professionisti ricercatore esperto, in collaborazione con le aziende partner, istituti di ricerca, scuole e universit\u00e0 in tutta la Repubblica Ceca e all&#8217;estero. l&#8217;approvazione e la sperimentazione di nuovi prodotti legislativo sono condotte sotto il patrocinio di laboratori accreditati.<\/p>\n<p>[\/et_pb_text][et_pb_text admin_label=&#8221;Production Method&#8221; background_layout=&#8221;light&#8221; text_orientation=&#8221;left&#8221; use_border_color=&#8221;off&#8221; border_color=&#8221;#ffffff&#8221; border_style=&#8221;solid&#8221; disabled=&#8221;off&#8221; disabled_on=&#8221;off||&#8221; background_position=&#8221;top_left&#8221; background_repeat=&#8221;repeat&#8221; background_size=&#8221;initial&#8221;]<\/p>\n<h2>Metodo di produzione<\/h2>\n<p>La nostra produzione si trova in Unione Europea e si svolge in un laboratorio certificato. Il laboratorio \u00e8 un titolare della certificazione ISO 9001: 2008, nonch\u00e9 il certificato GMP per un produttore di prodotti medicinali per uso umano. E &#8216;stato dato pieno riconoscimento dal controllo test anti-droga e la supervisione della qualit\u00e0 del prodotto \u00e8 il fulcro centrale della nostra prassi di fabbricazione. L&#8217;obiettivo di tutti i nostri processi \u00e8 quello di fornire al mercato con un prodotto di qualit\u00e0 adeguata, sicurezza ed efficacia. Ci concentriamo non solo l&#8217;ispezione di un prodotto finale, ma anche su prove di materie prime, sugli imballaggi controllo e l&#8217;esame dell&#8217;intero processo produttivo. Tutti i lavoratori inclusi nel processo di produzione sono addestrati regolarmente nei campi di igiene, norme di sicurezza e processi di produzione.<\/p>\n<p>[\/et_pb_text][et_pb_text admin_label=&#8221;Our direction and Our Values&#8221; background_layout=&#8221;light&#8221; text_orientation=&#8221;left&#8221; use_border_color=&#8221;off&#8221; border_color=&#8221;#ffffff&#8221; border_style=&#8221;solid&#8221; disabled=&#8221;off&#8221; disabled_on=&#8221;off||&#8221; custom_margin=&#8221;||25px|&#8221; custom_padding=&#8221;20px|20px|20px|20px&#8221; background_color=&#8221;rgba(0,0,0,0.05)&#8221; module_class=&#8221;back-border-radius&#8221; background_position=&#8221;top_left&#8221; background_repeat=&#8221;repeat&#8221; background_size=&#8221;initial&#8221;]<\/p>\n<h2>La nostra direzione<\/h2>\n<p><em><img loading=\"lazy\" decoding=\"async\" class=\"alignnone size-full wp-image-4929\" src=\"http:\/\/annabiscosmetics.ch\/shop\/wp-content\/uploads\/2017\/04\/robin-kazik.png\" alt=\"Robin Kazik, Ph.D. Annabis founder CEO\" width=\"166\" height=\"166\" srcset=\"https:\/\/www.annabishemp.ch\/wp-content\/uploads\/2017\/04\/robin-kazik.png 166w, https:\/\/www.annabishemp.ch\/wp-content\/uploads\/2017\/04\/robin-kazik-100x100.png 100w, https:\/\/www.annabishemp.ch\/wp-content\/uploads\/2017\/04\/robin-kazik-150x150.png 150w\" sizes=\"(max-width: 166px) 100vw, 166px\" \/>\u00a0<\/em><em>\u201cLa nostra missione \u00e8 di portare i pi\u00f9 alti prodotti di canapa di qualit\u00e0 al mercato e, in virt\u00f9 della loro produzione aumentare la qualit\u00e0 della vita dei nostri clienti\u201d<\/em><\/p>\n<p><strong>Robin Kazik<\/strong>, Ph.D. Annabis founder CEO<\/p>\n<h2><\/h2>\n<h2><\/h2>\n<h2>I nostri valori<\/h2>\n<ul>\n<li>Il rispetto per un individuo e la concorrenza<\/li>\n<li>l&#8217;attenzione principale volto a nostro cliente<\/li>\n<li>La superiorit\u00e0 in tutto ci\u00f2 che facciamo<\/li>\n<\/ul>\n<p>Ci concentriamo la nostra attenzione principalmente sulla ricerca e sviluppo di nuovi prodotti. Le innovazioni sono la chiave del nostro successo. Le attivit\u00e0 di ricerca sono forniti da un team di ricercatori esperti in collaborazione con le aziende affiliate, istituti di ricerca e universit\u00e0, sia all&#8217;interno della Repubblica Ceca e all&#8217;estero .<\/p>\n<p>[\/et_pb_text][\/et_pb_column][\/et_pb_row][\/et_pb_section]<\/p>\n","protected":false},"excerpt":{"rendered":"<p>[et_pb_section bb_built=&#8221;1&#8243; admin_label=&#8221;section&#8221; fullwidth=&#8221;off&#8221; specialty=&#8221;off&#8221; background_color=&#8221;#8bb234&#8243; inner_shadow=&#8221;off&#8221; parallax=&#8221;off&#8221; parallax_method=&#8221;off&#8221; transparent_background=&#8221;off&#8221; allow_player_pause=&#8221;off&#8221; padding_mobile=&#8221;on&#8221; make_fullwidth=&#8221;off&#8221; use_custom_width=&#8221;off&#8221; width_unit=&#8221;on&#8221; make_equal=&#8221;off&#8221; use_custom_gutter=&#8221;off&#8221; custom_padding_last_edited=&#8221;on|desktop&#8221; custom_padding=&#8221;0px||0px|&#8221; custom_padding_tablet=&#8221;0px||0px|&#8221; next_background_color=&#8221;#ffffff&#8221;][et_pb_row admin_label=&#8221;row&#8221; make_fullwidth=&#8221;off&#8221; use_custom_width=&#8221;off&#8221; width_unit=&#8221;on&#8221; use_custom_gutter=&#8221;on&#8221; gutter_width=&#8221;2&#8243; padding_mobile=&#8221;off&#8221; allow_player_pause=&#8221;off&#8221; parallax=&#8221;off&#8221; parallax_method=&#8221;off&#8221; make_equal=&#8221;off&#8221; parallax_1=&#8221;off&#8221; parallax_method_1=&#8221;off&#8221; parallax_2=&#8221;off&#8221; parallax_method_2=&#8221;off&#8221; column_padding_mobile=&#8221;on&#8221; background_position=&#8221;top_left&#8221; background_repeat=&#8221;repeat&#8221; background_size=&#8221;initial&#8221;][et_pb_column type=&#8221;4_4&#8243;][et_pb_text background_layout=&#8221;dark&#8221; text_orientation=&#8221;center&#8221; use_border_color=&#8221;off&#8221; border_color=&#8221;#ffffff&#8221; border_style=&#8221;solid&#8221; background_position=&#8221;top_left&#8221; background_repeat=&#8221;repeat&#8221; background_size=&#8221;initial&#8221; module_alignment=&#8221;center&#8221;] RIGUARDO A NOI [\/et_pb_text][\/et_pb_column][\/et_pb_row][\/et_pb_section][et_pb_section bb_built=&#8221;1&#8243; [&hellip;]<\/p>\n","protected":false},"author":8,"featured_media":0,"parent":0,"menu_order":0,"comment_status":"closed","ping_status":"closed","template":"","meta":{"_acf_changed":false,"_et_pb_use_builder":"on","_et_pb_old_content":"","_et_gb_content_width":"","footnotes":""},"acf":[],"_links":{"self":[{"href":"https:\/\/www.annabishemp.ch\/it\/wp-json\/wp\/v2\/pages\/5611"}],"collection":[{"href":"https:\/\/www.annabishemp.ch\/it\/wp-json\/wp\/v2\/pages"}],"about":[{"href":"https:\/\/www.annabishemp.ch\/it\/wp-json\/wp\/v2\/types\/page"}],"author":[{"embeddable":true,"href":"https:\/\/www.annabishemp.ch\/it\/wp-json\/wp\/v2\/users\/8"}],"replies":[{"embeddable":true,"href":"https:\/\/www.annabishemp.ch\/it\/wp-json\/wp\/v2\/comments?post=5611"}],"version-history":[{"count":10,"href":"https:\/\/www.annabishemp.ch\/it\/wp-json\/wp\/v2\/pages\/5611\/revisions"}],"predecessor-version":[{"id":7989,"href":"https:\/\/www.annabishemp.ch\/it\/wp-json\/wp\/v2\/pages\/5611\/revisions\/7989"}],"wp:attachment":[{"href":"https:\/\/www.annabishemp.ch\/it\/wp-json\/wp\/v2\/media?parent=5611"}],"curies":[{"name":"wp","href":"https:\/\/api.w.org\/{rel}","templated":true}]}}